{"id":1381,"date":"2026-01-16T14:46:58","date_gmt":"2026-01-16T14:46:58","guid":{"rendered":"https:\/\/ig-prachtfinken.ch\/?page_id=1381"},"modified":"2026-01-16T14:46:58","modified_gmt":"2026-01-16T14:46:58","slug":"literaturempfehlungen-2","status":"publish","type":"page","link":"https:\/\/ig-prachtfinken.ch\/fr\/literaturempfehlungen-2\/","title":{"rendered":"Literaturempfehlungen"},"content":{"rendered":"<div data-elementor-type=\"wp-page\" data-elementor-id=\"1381\" class=\"elementor elementor-1381\" data-elementor-post-type=\"page\">\n\t\t\t\t\t\t<section class=\"elementor-section elementor-top-section elementor-element elementor-element-26ed3fa9 elementor-section-boxed elementor-section-height-default elementor-section-height-default\" data-id=\"26ed3fa9\" data-element_type=\"section\" data-e-type=\"section\">\n\t\t\t\t\t\t<div class=\"elementor-container elementor-column-gap-default\">\n\t\t\t\t\t<div class=\"elementor-column elementor-col-100 elementor-top-column elementor-element elementor-element-c0aa033\" data-id=\"c0aa033\" data-element_type=\"column\" data-e-type=\"column\">\n\t\t\t<div class=\"elementor-widget-wrap elementor-element-populated\">\n\t\t\t\t\t\t<div class=\"elementor-element elementor-element-3b775c46 elementor-widget elementor-widget-text-editor\" data-id=\"3b775c46\" data-element_type=\"widget\" data-e-type=\"widget\" data-widget_type=\"text-editor.default\">\n\t\t\t\t<div class=\"elementor-widget-container\">\n\t\t\t\t\t\t\t\t\t\n<p style=\"padding-left: 40px;\">Alderton, David: Meine V\u00f6gel f\u00fcr Voliere und K\u00e4fig. Stuttgart 1993.<\/p>\n\n<p style=\"padding-left: 40px;\">Bielfeld, Horst: Beliebte Prachtfinken. Stuttgart 2008.<\/p>\n\n<p style=\"padding-left: 40px;\">Bielfeld, Horst: Weber, Witwen, Sperlinge. Stuttgart 1992.<\/p>\n\n<p style=\"padding-left: 40px;\">Bielfeld, Horst: Zeisige, Girlitze und andere Finkenv\u00f6gel. Stuttgart 1990.<\/p>\n\n<p style=\"padding-left: 40px;\">Bielfeld, Horst: Zeisige, Kardin\u00e4le und andere Finkenv\u00f6gel. Stuttgart 1981.<\/p>\n\n<p style=\"padding-left: 40px;\">Chvapil, Stanislav: Siervogels. Lisse 1994.<\/p>\n\n<p style=\"padding-left: 40px;\">Dathe, Heinrich (Hrsg.): Handbuch des Vogelliebhabers (Bd. 2). Sperlingsastrilde, Weberv\u00f6gel, Witwenv\u00f6gel, Sperlinge, Prachtfinken, Edelfinken, Stieglitzverwandte, Ammern, Ammerntangaren. Wiesbaden 1986.<\/p>\n\n<p style=\"padding-left: 40px;\">Fischer, Wolfgang: Die Australischen Prachtfinken. Artenbeschreibung, Haltung, Pflege, Mutationen. Minden 1987.<\/p>\n\n<p style=\"padding-left: 40px;\">Huismann, G. Jelmer: Estrildid Finches of the World. Joure 2021.<\/p>\n\n<p style=\"padding-left: 40px;\">Japanse Meeuwenclub (Hrsg): Japanse Meeuwen en overige Lonchura&#8217;s. 25 jaar J. M. C. Helmond 2000.<\/p>\n\n<p style=\"padding-left: 40px;\">J\u00f6dicke, Reinhard: Prachtfinken Z\u00fcchtung. Zebrafink, Japanisches M\u00f6vchen, Reisfink. Stuttgart 1978.<\/p>\n\n<p style=\"padding-left: 40px;\">Koepff, Christa: Das Prachtfinken Buch. M\u00fcnchen 1985.<\/p>\n\n<p style=\"padding-left: 40px;\">Martin, Hans-J\u00fcrgen: Zebrafinken. M\u00fcnchen 1984.<\/p>\n\n<p style=\"padding-left: 40px;\">Meerema, Rik: Australische prachtvinken en hun mutaties. Maartensdijk.<\/p>\n\n<p style=\"padding-left: 40px;\">Nicolai, J\u00fcrgen u. Steinbacher, Joachim (Hrsg.): Prachtfinken (Bd. 2). Afrika. Stuttgart 2007.<\/p>\n\n<p style=\"padding-left: 40px;\">Nicolai, J\u00fcrgen u. Steinbacher, Joachim (Hrsg.): Prachtfinken (Bd. 1). Australien, Ozeanien, S\u00fcdostasien. Stuttgart 2001.<\/p>\n\n<p style=\"padding-left: 40px;\">Oppenborn, G\u00fcnter: Japanische M\u00f6vchen. Stuttgart 1992.<\/p>\n\n<p style=\"padding-left: 40px;\">Restall, Robin: Munias and Mannikins. Mountfield 1996.<\/p>\n\n<p style=\"padding-left: 40px;\">Robiller, Franz: Prachtfinken. V\u00f6gel von drei Kontinenten. Berlin 1978.<\/p>\n\n<p style=\"padding-left: 40px;\">Robiller, Franz: Vogelheime, Volieren und Teiche. Stuttgart 2007.<\/p>\n\n<p style=\"padding-left: 40px;\">Sabel, Karl: Pf\u00e4ffchen: Finkenammern Mittel- und S\u00fcdamerikas. Stuttgart 1990.<\/p>\n\n<p style=\"padding-left: 40px;\">Verhoef-Verhallen: Zierv\u00f6gel-Enzyklop\u00e4die. Eggolsheim 2002.<\/p>\n\n<p style=\"padding-left: 40px;\">Wilbrand, Andreas: Naturvolieren im Selbstbau. Artgerechte Vogelhaltung f\u00fcr Sittiche und Prachtfinken. Reutlingen 2018.<\/p>\n\n<p>\u00a0<\/p>\n\t\t\t\t\t\t\t\t<\/div>\n\t\t\t\t<\/div>\n\t\t\t\t\t<\/div>\n\t\t<\/div>\n\t\t\t\t\t<\/div>\n\t\t<\/section>\n\t\t\t\t<\/div>","protected":false},"excerpt":{"rendered":"<p>Alderton, David: Meine V\u00f6gel f\u00fcr Voliere und K\u00e4fig. Stuttgart 1993. Bielfeld, Horst: Beliebte Prachtfinken. Stuttgart 2008. Bielfeld, Horst: Weber, Witwen, Sperlinge. Stuttgart 1992. Bielfeld, Horst: Zeisige, Girlitze und andere Finkenv\u00f6gel. Stuttgart 1990. Bielfeld, Horst: Zeisige, Kardin\u00e4le und andere Finkenv\u00f6gel. Stuttgart 1981. Chvapil, Stanislav: Siervogels. Lisse 1994. Dathe, Heinrich (Hrsg.): Handbuch des Vogelliebhabers (Bd. 2). Sperlingsastrilde,&hellip;&nbsp;<a href=\"https:\/\/ig-prachtfinken.ch\/fr\/literaturempfehlungen-2\/\" class=\"\" rel=\"bookmark\">Lire la suite &raquo;<span class=\"screen-reader-text\">Literaturempfehlungen<\/span><\/a><\/p>","protected":false},"author":2,"featured_media":0,"parent":0,"menu_order":0,"comment_status":"closed","ping_status":"closed","template":"","meta":{"neve_meta_sidebar":"","neve_meta_container":"","neve_meta_enable_content_width":"","neve_meta_content_width":0,"neve_meta_title_alignment":"","neve_meta_author_avatar":"","neve_post_elements_order":"","neve_meta_disable_header":"","neve_meta_disable_footer":"","neve_meta_disable_title":"","footnotes":""},"class_list":["post-1381","page","type-page","status-publish","hentry"],"yoast_head":"<!-- This site is optimized with the Yoast SEO plugin v27.4 - https:\/\/yoast.com\/product\/yoast-seo-wordpress\/ -->\n<title>Literaturempfehlungen - Prachtfinken<\/title>\n<meta name=\"robots\" content=\"index, follow, max-snippet:-1, max-image-preview:large, max-video-preview:-1\" \/>\n<link rel=\"canonical\" href=\"https:\/\/ig-prachtfinken.ch\/fr\/literaturempfehlungen-2\/\" \/>\n<meta property=\"og:locale\" content=\"fr_FR\" \/>\n<meta property=\"og:type\" content=\"article\" \/>\n<meta property=\"og:title\" content=\"Literaturempfehlungen - Prachtfinken\" \/>\n<meta property=\"og:description\" content=\"Alderton, David: Meine V\u00f6gel f\u00fcr Voliere und K\u00e4fig. Stuttgart 1993. Bielfeld, Horst: Beliebte Prachtfinken. Stuttgart 2008. Bielfeld, Horst: Weber, Witwen, Sperlinge. Stuttgart 1992. Bielfeld, Horst: Zeisige, Girlitze und andere Finkenv\u00f6gel. Stuttgart 1990. Bielfeld, Horst: Zeisige, Kardin\u00e4le und andere Finkenv\u00f6gel. Stuttgart 1981. Chvapil, Stanislav: Siervogels. Lisse 1994. Dathe, Heinrich (Hrsg.): Handbuch des Vogelliebhabers (Bd. 2). Sperlingsastrilde,&hellip;&nbsp;Lire la suite &raquo;Literaturempfehlungen\" \/>\n<meta property=\"og:url\" content=\"https:\/\/ig-prachtfinken.ch\/fr\/literaturempfehlungen-2\/\" \/>\n<meta property=\"og:site_name\" content=\"Prachtfinken\" \/>\n<meta name=\"twitter:card\" content=\"summary_large_image\" \/>\n<meta name=\"twitter:label1\" content=\"Dur\u00e9e de lecture estim\u00e9e\" \/>\n\t<meta name=\"twitter:data1\" content=\"2 minutes\" \/>\n<script type=\"application\/ld+json\" class=\"yoast-schema-graph\">{\"@context\":\"https:\\\/\\\/schema.org\",\"@graph\":[{\"@type\":\"WebPage\",\"@id\":\"https:\\\/\\\/ig-prachtfinken.ch\\\/literaturempfehlungen-2\\\/\",\"url\":\"https:\\\/\\\/ig-prachtfinken.ch\\\/literaturempfehlungen-2\\\/\",\"name\":\"Literaturempfehlungen - Prachtfinken\",\"isPartOf\":{\"@id\":\"https:\\\/\\\/ig-prachtfinken.ch\\\/#website\"},\"datePublished\":\"2026-01-16T14:46:58+00:00\",\"breadcrumb\":{\"@id\":\"https:\\\/\\\/ig-prachtfinken.ch\\\/literaturempfehlungen-2\\\/#breadcrumb\"},\"inLanguage\":\"fr-FR\",\"potentialAction\":[{\"@type\":\"ReadAction\",\"target\":[\"https:\\\/\\\/ig-prachtfinken.ch\\\/literaturempfehlungen-2\\\/\"]}]},{\"@type\":\"BreadcrumbList\",\"@id\":\"https:\\\/\\\/ig-prachtfinken.ch\\\/literaturempfehlungen-2\\\/#breadcrumb\",\"itemListElement\":[{\"@type\":\"ListItem\",\"position\":1,\"name\":\"Startseite\",\"item\":\"https:\\\/\\\/ig-prachtfinken.ch\\\/\"},{\"@type\":\"ListItem\",\"position\":2,\"name\":\"Literaturempfehlungen\"}]},{\"@type\":\"WebSite\",\"@id\":\"https:\\\/\\\/ig-prachtfinken.ch\\\/#website\",\"url\":\"https:\\\/\\\/ig-prachtfinken.ch\\\/\",\"name\":\"Prachtfinken\",\"description\":\"Interessengemeinschaft\",\"publisher\":{\"@id\":\"https:\\\/\\\/ig-prachtfinken.ch\\\/#organization\"},\"potentialAction\":[{\"@type\":\"SearchAction\",\"target\":{\"@type\":\"EntryPoint\",\"urlTemplate\":\"https:\\\/\\\/ig-prachtfinken.ch\\\/?s={search_term_string}\"},\"query-input\":{\"@type\":\"PropertyValueSpecification\",\"valueRequired\":true,\"valueName\":\"search_term_string\"}}],\"inLanguage\":\"fr-FR\"},{\"@type\":\"Organization\",\"@id\":\"https:\\\/\\\/ig-prachtfinken.ch\\\/#organization\",\"name\":\"Prachtfinken\",\"url\":\"https:\\\/\\\/ig-prachtfinken.ch\\\/\",\"logo\":{\"@type\":\"ImageObject\",\"inLanguage\":\"fr-FR\",\"@id\":\"https:\\\/\\\/ig-prachtfinken.ch\\\/#\\\/schema\\\/logo\\\/image\\\/\",\"url\":\"https:\\\/\\\/ig-prachtfinken.ch\\\/wp-content\\\/uploads\\\/2020\\\/08\\\/cropped-Logo_Def.png\",\"contentUrl\":\"https:\\\/\\\/ig-prachtfinken.ch\\\/wp-content\\\/uploads\\\/2020\\\/08\\\/cropped-Logo_Def.png\",\"width\":1000,\"height\":312,\"caption\":\"Prachtfinken\"},\"image\":{\"@id\":\"https:\\\/\\\/ig-prachtfinken.ch\\\/#\\\/schema\\\/logo\\\/image\\\/\"}}]}<\/script>\n<!-- \/ Yoast SEO plugin. -->","yoast_head_json":{"title":"Literaturempfehlungen - Prachtfinken","robots":{"index":"index","follow":"follow","max-snippet":"max-snippet:-1","max-image-preview":"max-image-preview:large","max-video-preview":"max-video-preview:-1"},"canonical":"https:\/\/ig-prachtfinken.ch\/fr\/literaturempfehlungen-2\/","og_locale":"fr_FR","og_type":"article","og_title":"Literaturempfehlungen - Prachtfinken","og_description":"Alderton, David: Meine V\u00f6gel f\u00fcr Voliere und K\u00e4fig. Stuttgart 1993. Bielfeld, Horst: Beliebte Prachtfinken. Stuttgart 2008. Bielfeld, Horst: Weber, Witwen, Sperlinge. Stuttgart 1992. Bielfeld, Horst: Zeisige, Girlitze und andere Finkenv\u00f6gel. Stuttgart 1990. Bielfeld, Horst: Zeisige, Kardin\u00e4le und andere Finkenv\u00f6gel. Stuttgart 1981. Chvapil, Stanislav: Siervogels. Lisse 1994. Dathe, Heinrich (Hrsg.): Handbuch des Vogelliebhabers (Bd. 2). Sperlingsastrilde,&hellip;&nbsp;Lire la suite &raquo;Literaturempfehlungen","og_url":"https:\/\/ig-prachtfinken.ch\/fr\/literaturempfehlungen-2\/","og_site_name":"Prachtfinken","twitter_card":"summary_large_image","twitter_misc":{"Dur\u00e9e de lecture estim\u00e9e":"2 minutes"},"schema":{"@context":"https:\/\/schema.org","@graph":[{"@type":"WebPage","@id":"https:\/\/ig-prachtfinken.ch\/literaturempfehlungen-2\/","url":"https:\/\/ig-prachtfinken.ch\/literaturempfehlungen-2\/","name":"Literaturempfehlungen - Prachtfinken","isPartOf":{"@id":"https:\/\/ig-prachtfinken.ch\/#website"},"datePublished":"2026-01-16T14:46:58+00:00","breadcrumb":{"@id":"https:\/\/ig-prachtfinken.ch\/literaturempfehlungen-2\/#breadcrumb"},"inLanguage":"fr-FR","potentialAction":[{"@type":"ReadAction","target":["https:\/\/ig-prachtfinken.ch\/literaturempfehlungen-2\/"]}]},{"@type":"BreadcrumbList","@id":"https:\/\/ig-prachtfinken.ch\/literaturempfehlungen-2\/#breadcrumb","itemListElement":[{"@type":"ListItem","position":1,"name":"Startseite","item":"https:\/\/ig-prachtfinken.ch\/"},{"@type":"ListItem","position":2,"name":"Literaturempfehlungen"}]},{"@type":"WebSite","@id":"https:\/\/ig-prachtfinken.ch\/#website","url":"https:\/\/ig-prachtfinken.ch\/","name":"ESTRILDID\u00c9S","description":"Interessengemeinschaft","publisher":{"@id":"https:\/\/ig-prachtfinken.ch\/#organization"},"potentialAction":[{"@type":"SearchAction","target":{"@type":"EntryPoint","urlTemplate":"https:\/\/ig-prachtfinken.ch\/?s={search_term_string}"},"query-input":{"@type":"PropertyValueSpecification","valueRequired":true,"valueName":"search_term_string"}}],"inLanguage":"fr-FR"},{"@type":"Organization","@id":"https:\/\/ig-prachtfinken.ch\/#organization","name":"ESTRILDID\u00c9S","url":"https:\/\/ig-prachtfinken.ch\/","logo":{"@type":"ImageObject","inLanguage":"fr-FR","@id":"https:\/\/ig-prachtfinken.ch\/#\/schema\/logo\/image\/","url":"https:\/\/ig-prachtfinken.ch\/wp-content\/uploads\/2020\/08\/cropped-Logo_Def.png","contentUrl":"https:\/\/ig-prachtfinken.ch\/wp-content\/uploads\/2020\/08\/cropped-Logo_Def.png","width":1000,"height":312,"caption":"Prachtfinken"},"image":{"@id":"https:\/\/ig-prachtfinken.ch\/#\/schema\/logo\/image\/"}}]}},"_links":{"self":[{"href":"https:\/\/ig-prachtfinken.ch\/fr\/wp-json\/wp\/v2\/pages\/1381","targetHints":{"allow":["GET"]}}],"collection":[{"href":"https:\/\/ig-prachtfinken.ch\/fr\/wp-json\/wp\/v2\/pages"}],"about":[{"href":"https:\/\/ig-prachtfinken.ch\/fr\/wp-json\/wp\/v2\/types\/page"}],"author":[{"embeddable":true,"href":"https:\/\/ig-prachtfinken.ch\/fr\/wp-json\/wp\/v2\/users\/2"}],"replies":[{"embeddable":true,"href":"https:\/\/ig-prachtfinken.ch\/fr\/wp-json\/wp\/v2\/comments?post=1381"}],"version-history":[{"count":1,"href":"https:\/\/ig-prachtfinken.ch\/fr\/wp-json\/wp\/v2\/pages\/1381\/revisions"}],"predecessor-version":[{"id":1388,"href":"https:\/\/ig-prachtfinken.ch\/fr\/wp-json\/wp\/v2\/pages\/1381\/revisions\/1388"}],"wp:attachment":[{"href":"https:\/\/ig-prachtfinken.ch\/fr\/wp-json\/wp\/v2\/media?parent=1381"}],"curies":[{"name":"wp","href":"https:\/\/api.w.org\/{rel}","templated":true}]}}